{"id":30,"date":"2018-01-06T16:31:53","date_gmt":"2018-01-06T15:31:53","guid":{"rendered":"http:\/\/prometna.net\/dijaski-dom\/?page_id=30"},"modified":"2018-06-03T22:47:03","modified_gmt":"2018-06-03T20:47:03","slug":"dodatne-informacije","status":"publish","type":"page","link":"https:\/\/prometna.net\/dijaski-dom\/vpis-in-cenik\/dodatne-informacije\/","title":{"rendered":"Dodatne informacije"},"content":{"rendered":"<p><strong>Hvala, da ste pokazali zanimanje za na\u0161 dija\u0161ki dom.<\/strong><\/p>\n<p>Vpra\u0161ate nas lahko karkoli. Odgovorimo v najkraj\u0161em mo\u017enem \u010dasu.<\/p>\n","protected":false},"excerpt":{"rendered":"<p>Hvala, da ste pokazali zanimanje za na\u0161 dija\u0161ki dom. Vpra\u0161ate nas lahko karkoli. Odgovorimo v najkraj\u0161em mo\u017enem \u010dasu.<\/p>\n","protected":false},"author":1,"featured_media":0,"parent":25,"menu_order":0,"comment_status":"closed","ping_status":"closed","template":"page-dodatne-informacije-dijaski-dom.php","meta":[],"aioseo_notices":[],"_links":{"self":[{"href":"https:\/\/prometna.net\/dijaski-dom\/wp-json\/wp\/v2\/pages\/30"}],"collection":[{"href":"https:\/\/prometna.net\/dijaski-dom\/wp-json\/wp\/v2\/pages"}],"about":[{"href":"https:\/\/prometna.net\/dijaski-dom\/wp-json\/wp\/v2\/types\/page"}],"author":[{"embeddable":true,"href":"https:\/\/prometna.net\/dijaski-dom\/wp-json\/wp\/v2\/users\/1"}],"replies":[{"embeddable":true,"href":"https:\/\/prometna.net\/dijaski-dom\/wp-json\/wp\/v2\/comments?post=30"}],"version-history":[{"count":6,"href":"https:\/\/prometna.net\/dijaski-dom\/wp-json\/wp\/v2\/pages\/30\/revisions"}],"predecessor-version":[{"id":343,"href":"https:\/\/prometna.net\/dijaski-dom\/wp-json\/wp\/v2\/pages\/30\/revisions\/343"}],"up":[{"embeddable":true,"href":"https:\/\/prometna.net\/dijaski-dom\/wp-json\/wp\/v2\/pages\/25"}],"wp:attachment":[{"href":"https:\/\/prometna.net\/dijaski-dom\/wp-json\/wp\/v2\/media?parent=30"}],"curies":[{"name":"wp","href":"https:\/\/api.w.org\/{rel}","templated":true}]}}