{"id":715,"date":"2021-06-30T11:56:59","date_gmt":"2021-06-30T09:56:59","guid":{"rendered":"https:\/\/prometna.net\/sola-voznje\/?page_id=715"},"modified":"2026-04-07T06:54:18","modified_gmt":"2026-04-07T04:54:18","slug":"tecaj-cpp-prijava","status":"publish","type":"page","link":"https:\/\/prometna.net\/sola-voznje\/cenik-in-prijava\/tecaj-cpp-prijava\/","title":{"rendered":"Te\u010daj CPP &#8211; prijava"},"content":{"rendered":"<p>&nbsp;<\/p>\n<p style=\"text-align: center;\">Zakon o voznikih (ZVoz-1) v 57. \u010dlenu dolo\u010da zakonsko obvezo, da mora biti oseba starej\u0161a od 16 let, da lahko pri\u010dne z usposabljanjem za vo\u017enjo z osebnim avtomobilom.<\/p>\n<p>&nbsp;<\/p>\n<p style=\"text-align: center;\"><strong>PRIJAVNICA ZA MAJ 2026<\/strong><\/p>\n<p style=\"text-align: center;\"><a href=\"https:\/\/forms.cloud.microsoft\/e\/VDrAGFGGSg\">Prijavnica CPP in eCPP &#8211; MAJ 2026<\/a><\/p>\n<p>&nbsp;<\/p>\n<p style=\"text-align: center;\"><strong>PRIJAVNICA ZA JUNIJ 2026<\/strong><\/p>\n<p style=\"text-align: center;\"><a href=\"https:\/\/forms.cloud.microsoft\/e\/ykZ7CTetQ7\">Prijavnica CPP in eCPP &#8211; JUNIJ 2026<\/a><\/p>\n<p>&nbsp;<\/p>\n<p style=\"text-align: center;\"><strong>PRIJAVNICA ZA JULIJ 2026<\/strong><\/p>\n<p style=\"text-align: center;\"><a href=\"https:\/\/forms.cloud.microsoft\/e\/GfXdn4VZR2\">Prijavnica CPP in eCPP &#8211; JULIJ 2026<\/a><\/p>\n<p>&nbsp;<\/p>\n<p style=\"text-align: center;\"><strong>PRIJAVNICA ZA AVGUST 2026<\/strong><\/p>\n<p style=\"text-align: center;\"><a href=\"https:\/\/forms.cloud.microsoft\/e\/0VZ6CaLZ4X\">Prijavnica CPP in eCPP &#8211; AVGUST 2026<\/a><\/p>\n<p>&nbsp;<\/p>\n<p>&nbsp;<\/p>\n","protected":false},"excerpt":{"rendered":"<p>&nbsp; Zakon o voznikih (ZVoz-1) v 57. \u010dlenu dolo\u010da zakonsko obvezo, da mora biti oseba starej\u0161a od 16 let, da [&hellip;]<\/p>\n","protected":false},"author":11,"featured_media":0,"parent":27,"menu_order":0,"comment_status":"closed","ping_status":"closed","template":"","meta":[],"aioseo_notices":[],"_links":{"self":[{"href":"https:\/\/prometna.net\/sola-voznje\/wp-json\/wp\/v2\/pages\/715"}],"collection":[{"href":"https:\/\/prometna.net\/sola-voznje\/wp-json\/wp\/v2\/pages"}],"about":[{"href":"https:\/\/prometna.net\/sola-voznje\/wp-json\/wp\/v2\/types\/page"}],"author":[{"embeddable":true,"href":"https:\/\/prometna.net\/sola-voznje\/wp-json\/wp\/v2\/users\/11"}],"replies":[{"embeddable":true,"href":"https:\/\/prometna.net\/sola-voznje\/wp-json\/wp\/v2\/comments?post=715"}],"version-history":[{"count":61,"href":"https:\/\/prometna.net\/sola-voznje\/wp-json\/wp\/v2\/pages\/715\/revisions"}],"predecessor-version":[{"id":1341,"href":"https:\/\/prometna.net\/sola-voznje\/wp-json\/wp\/v2\/pages\/715\/revisions\/1341"}],"up":[{"embeddable":true,"href":"https:\/\/prometna.net\/sola-voznje\/wp-json\/wp\/v2\/pages\/27"}],"wp:attachment":[{"href":"https:\/\/prometna.net\/sola-voznje\/wp-json\/wp\/v2\/media?parent=715"}],"curies":[{"name":"wp","href":"https:\/\/api.w.org\/{rel}","templated":true}]}}