{"id":3821,"date":"2020-11-06T14:15:34","date_gmt":"2020-11-06T13:15:34","guid":{"rendered":"https:\/\/prometna.net\/srednja-sola\/?page_id=3821"},"modified":"2024-02-14T22:18:03","modified_gmt":"2024-02-14T21:18:03","slug":"simbioza-3","status":"publish","type":"page","link":"https:\/\/prometna.net\/srednja-sola\/simbioza-3\/","title":{"rendered":"Simbioza"},"content":{"rendered":"<p><strong><u>Predstavitev projekta:<\/u><\/strong><\/p>\n<p>Simbioza je socialno podjetje, ki je koordinator projekta. Simbioza je v treh letih (2011-2013) povezala <strong>ve\u010d kot 15.000 starej\u0161ih in 9.000 mladih<\/strong> po vsej Sloveniji v vseslovenski akciji ra\u010dunalni\u0161kega in internetnega opismenjevanja. Akcija Simbioza je razvila model ra\u010dunalni\u0161kih delavnic za starej\u0161e, kjer se le-ti u\u010dijo od mladih in v enem tednu spoznajo osnove uporabe ra\u010dunalnika. Zaradi nadvse pozitivnega odziva splo\u0161ne javnosti pa so se ustvarjalci Simbioze odlo\u010dili, da akcija preraste v trajnostni projekt. Iz te ideje je nastal &#8220;<a href=\"http:\/\/www.simbioza.eu\/sl\/2013\/stran\/medgeneracijski-center\"><strong>Na Triglav spreminjat svet! Simbioza medgeneracijski center<\/strong><\/a>&#8221; ter projekti <a href=\"http:\/\/www.simbioza-mojstri.eu\/sl\/2013\/\"><strong>Simbioza mojstri<\/strong><\/a>, <a href=\"http:\/\/www.simbioza.eu\/sl\/2013\/stran\/simbioza-sole\"><strong>Simbioza \u0161ole<\/strong><\/a><strong>,<\/strong> <a href=\"http:\/\/www.simbioza.eu\/sl\/2013\/stran\/simbioza-klub\"><strong>Simbioza klub <\/strong><\/a>in <a href=\"http:\/\/www.simbioza.eu\/sl\/2013\/stran\/konzorcij-sodelujemo\"><strong>Konzorcij Sodelujemo<\/strong><\/a>. Medgeneracijsko sodelovanje je tako s temi projekti ume\u0161\u010deno v \u0161ir\u0161i dru\u017ebeni okvir na trajnostni osnovi, ki doprina\u0161ajo tako otrokom, mladim, odraslim in starej\u0161im. V letu 2014 so\u00a0otvorili projekt <a href=\"http:\/\/www.simbioza.eu\/giba\/sl\/2016\/\"><strong>Simbioza Giba<\/strong><\/a><strong>,<\/strong> kjer so s sloganom <em>\u201cGibanje je \u017eivljenje in \u017eivljenje je gibanje\u201d <\/em>dosegli, da so se generacije povezale preko \u0161porta. V letu 2017 se je ekipa Simbioza podala nazaj v vode digitalne tehnologije, z organizacijo vseslovenske akcije&#8221;PAMETNI S PAMETNIM&#8221;, kjer so \u0161tevilni prostovoljci po vsej Sloveniji starej\u0161e u\u010dili uporabe pametnih telefonov in tabli\u010dnih ra\u010dunalnikov.<\/p>\n<p><strong><u>Namen in cilji projekta:<\/u><\/strong><\/p>\n<p>Osnovno poslanstvo Simbioze je sodelovanje in prenos znanja med generacijami ter spodbujanje vse\u017eivljenjskega u\u010denja. Eden od ciljev projekta je sodelovanje med generacijami. Po drugi strani med mladimi promovira vrednote prostovoljstva, odgovornosti in krepi proaktiven odnos do dru\u017ebe in lastne prihodnosti.<\/p>\n<p><img decoding=\"async\" loading=\"lazy\" class=\"alignnone size-medium wp-image-3828\" src=\"https:\/\/prometna.net\/srednja-sola\/wp-content\/uploads\/sites\/3\/2020\/11\/simbioza_tabela-500x413.png\" alt=\"\" width=\"500\" height=\"413\" srcset=\"https:\/\/prometna.net\/srednja-sola\/wp-content\/uploads\/sites\/3\/2020\/11\/simbioza_tabela-500x413.png 500w, https:\/\/prometna.net\/srednja-sola\/wp-content\/uploads\/sites\/3\/2020\/11\/simbioza_tabela.png 605w\" sizes=\"(max-width: 500px) 100vw, 500px\" \/><\/p>\n<p><em>Preglednica 1: Primerjava lastnosti socialne inovacije v teoriji in v<\/em><br \/>\n<em>primeru projekta Simbioza (Sobo\u010dan, 2015)<\/em><\/p>\n<p>&nbsp;<\/p>\n<p><strong><u>Partnerji v projektu:<\/u><\/strong><\/p>\n<ul>\n<li>Prometna \u0161ola Maribor \u2013 Srednja prometna \u0161ola in dija\u0161ki dom, mentorici: Mateja Turk in Jasna Papak,<\/li>\n<li>M\u010c Studenci, koordinator: Janez \u0160auperl, predsednik M\u010c Studenci,<\/li>\n<li>Dru\u0161tvo upokojencev Tabor, koordinatorka Jo\u017eica Prah, podpredsednica DU Tabor.<\/li>\n<\/ul>\n<p><strong><u>Komunikacija in ozave\u0161\u010danje<\/u><\/strong><\/p>\n<p><strong><u>\u00a0Ciljne skupine<\/u><\/strong><\/p>\n<p>V okviru projekta Simbioza bomo osve\u0161\u010dali razli\u010dne ciljne javnosti, kijih lahko v grobem delimo na tri skupine:<\/p>\n<ul>\n<li>\u0160ir\u0161a javnost<\/li>\n<\/ul>\n<p>Znotraj \u0161ir\u0161e javnosti se bomo osredoto\u010dali predvsem na dve ciljni skupini, ki sta hkrati skupini, ki ju je projekt vsebinsko in konceptualno zajemal v svojem bistvu ter na ostalo populacijo, ki je prav tako bila seznanjena s projektom.<\/p>\n<ul>\n<li>Mladi (prostovoljci)<\/li>\n<\/ul>\n<p>Eno skupino predstavljajo mladi, ki jih bomo k sodelovanju povabili kot prostovoljce, se pravi u\u010ditelje starej\u0161ih na brezpla\u010dnih delavnicah.<\/p>\n<ul>\n<li>Starej\u0161i (udele\u017eenci)<\/li>\n<\/ul>\n<p>Drugo ciljno skupino komunikacije projekta Simbioza predstavlja starej\u0161a populacija, nad 55 letom starosti.<\/p>\n<ul>\n<li>Ostala populacija<\/li>\n<\/ul>\n<p>Komunikacija bo usmerjena tudi k ostalim generacijam, saj bomo \u017eeleli spodbujati dru\u017einske \u010dlane in prijatelje, da se akcije udele\u017eijo sami ali pa prijavijo svoje stare star\u0161e in otroke.<\/p>\n<p>Komunikacija je vsekakor klju\u010dna tudi znotraj interne javnosti, torej med partnerji projekta.<\/p>\n<p>&nbsp;<\/p>\n<p><strong><u>Sistem obve\u0161\u010danja dele\u017enikov projekta<\/u><\/strong><\/p>\n<p>Dele\u017enike projekta bomo o poteku projekta redno obve\u0161\u010dali preko razli\u010dnih kanalov in orodij.<\/p>\n<p>Mladi (prostovoljci):<\/p>\n<ul>\n<li>Preko sestankov v \u0161oli in dija\u0161kem domu,<\/li>\n<li>obve\u0161\u010danje preko elektronske po\u0161te,<\/li>\n<li>obve\u0161\u010danje preko spletne strani.<\/li>\n<\/ul>\n<p>Starej\u0161i (udele\u017eenci):<\/p>\n<ul>\n<li>obve\u0161\u010dnaje preko koordinatorjev,<\/li>\n<li>obve\u0161\u010danje preko elektronske po\u0161te,<\/li>\n<li>obve\u0161\u010danje preko spletne strani.<\/li>\n<\/ul>\n<p>Pripravila koordinatorka Mateja Turk, prof.<\/p>\n<p><a href=\"https:\/\/prometna.net\/srednja-sola\/wp-content\/uploads\/sites\/3\/2020\/11\/recepti_SIMBIOZA_novo.pdf\" target=\"_blank\" rel=\"noopener noreferrer\">Recepti SIMBIOZA<\/a><\/p>\n<p><strong><u>Viri:<\/u><\/strong><\/p>\n<p>Sobo\u010dan, Tja\u0161a. 2015. Potencial socialnih inovacij za promocijo Slovenije prek javne diplomacije: primer projekta Simbioza. Magistrsko delo. Ljubljana: Fakulteta za dru\u017ebene vede.<\/p>\n","protected":false},"excerpt":{"rendered":"<p>Predstavitev projekta: Simbioza je socialno podjetje, ki je koordinator projekta. Simbioza je v treh letih (2011-2013) povezala ve\u010d kot 15.000 [&hellip;]<\/p>\n","protected":false},"author":11,"featured_media":3824,"parent":0,"menu_order":0,"comment_status":"closed","ping_status":"closed","template":"","meta":[],"aioseo_notices":[],"_links":{"self":[{"href":"https:\/\/prometna.net\/srednja-sola\/wp-json\/wp\/v2\/pages\/3821"}],"collection":[{"href":"https:\/\/prometna.net\/srednja-sola\/wp-json\/wp\/v2\/pages"}],"about":[{"href":"https:\/\/prometna.net\/srednja-sola\/wp-json\/wp\/v2\/types\/page"}],"author":[{"embeddable":true,"href":"https:\/\/prometna.net\/srednja-sola\/wp-json\/wp\/v2\/users\/11"}],"replies":[{"embeddable":true,"href":"https:\/\/prometna.net\/srednja-sola\/wp-json\/wp\/v2\/comments?post=3821"}],"version-history":[{"count":10,"href":"https:\/\/prometna.net\/srednja-sola\/wp-json\/wp\/v2\/pages\/3821\/revisions"}],"predecessor-version":[{"id":6192,"href":"https:\/\/prometna.net\/srednja-sola\/wp-json\/wp\/v2\/pages\/3821\/revisions\/6192"}],"wp:featuredmedia":[{"embeddable":true,"href":"https:\/\/prometna.net\/srednja-sola\/wp-json\/wp\/v2\/media\/3824"}],"wp:attachment":[{"href":"https:\/\/prometna.net\/srednja-sola\/wp-json\/wp\/v2\/media?parent=3821"}],"curies":[{"name":"wp","href":"https:\/\/api.w.org\/{rel}","templated":true}]}}