{"id":4106,"date":"2021-01-04T10:22:41","date_gmt":"2021-01-04T09:22:41","guid":{"rendered":"https:\/\/prometna.net\/srednja-sola\/?page_id=4106"},"modified":"2025-03-22T12:57:10","modified_gmt":"2025-03-22T11:57:10","slug":"izpis-iz-evidence-izdanih-spriceval","status":"publish","type":"page","link":"https:\/\/prometna.net\/srednja-sola\/odrasli\/izpis-iz-evidence-izdanih-spriceval\/","title":{"rendered":"Izpis iz evidence izdanih spri\u010deval"},"content":{"rendered":"<p>Vsi, ki ste izgubili spri\u010devalo, lahko zaprosite za nadomestno spri\u010devalo po prilo\u017eenih navodilih.<\/p>\n<p><a href=\"https:\/\/prometna.net\/srednja-sola\/wp-content\/uploads\/sites\/3\/2025\/03\/Postopek-izdaje-izpisa-1.pdf\" target=\"_blank\" rel=\"noopener\">Postopek_izdaje_izpisa_iz_evidence<\/a><\/p>\n<p><a href=\"https:\/\/prometna.net\/srednja-sola\/wp-content\/uploads\/sites\/3\/2021\/01\/Vloga-za-izdajo-izpisa-iz-evidence.pdf\">Vloga za izdajo izpisa iz evidence<\/a><\/p>\n","protected":false},"excerpt":{"rendered":"<p>Vsi, ki ste izgubili spri\u010devalo, lahko zaprosite za nadomestno spri\u010devalo po prilo\u017eenih navodilih. Postopek_izdaje_izpisa_iz_evidence Vloga za izdajo izpisa iz evidence<\/p>\n","protected":false},"author":11,"featured_media":0,"parent":414,"menu_order":0,"comment_status":"closed","ping_status":"closed","template":"","meta":[],"aioseo_notices":[],"_links":{"self":[{"href":"https:\/\/prometna.net\/srednja-sola\/wp-json\/wp\/v2\/pages\/4106"}],"collection":[{"href":"https:\/\/prometna.net\/srednja-sola\/wp-json\/wp\/v2\/pages"}],"about":[{"href":"https:\/\/prometna.net\/srednja-sola\/wp-json\/wp\/v2\/types\/page"}],"author":[{"embeddable":true,"href":"https:\/\/prometna.net\/srednja-sola\/wp-json\/wp\/v2\/users\/11"}],"replies":[{"embeddable":true,"href":"https:\/\/prometna.net\/srednja-sola\/wp-json\/wp\/v2\/comments?post=4106"}],"version-history":[{"count":6,"href":"https:\/\/prometna.net\/srednja-sola\/wp-json\/wp\/v2\/pages\/4106\/revisions"}],"predecessor-version":[{"id":7069,"href":"https:\/\/prometna.net\/srednja-sola\/wp-json\/wp\/v2\/pages\/4106\/revisions\/7069"}],"up":[{"embeddable":true,"href":"https:\/\/prometna.net\/srednja-sola\/wp-json\/wp\/v2\/pages\/414"}],"wp:attachment":[{"href":"https:\/\/prometna.net\/srednja-sola\/wp-json\/wp\/v2\/media?parent=4106"}],"curies":[{"name":"wp","href":"https:\/\/api.w.org\/{rel}","templated":true}]}}