{"id":477,"date":"2018-01-12T19:41:16","date_gmt":"2018-01-12T18:41:16","guid":{"rendered":"http:\/\/prometna.net\/srednja-sola\/?page_id=477"},"modified":"2024-10-02T18:01:11","modified_gmt":"2024-10-02T16:01:11","slug":"svet-starsev","status":"publish","type":"page","link":"https:\/\/prometna.net\/srednja-sola\/starsi\/svet-starsev\/","title":{"rendered":"Svet star\u0161ev"},"content":{"rendered":"<p>&nbsp;<\/p>\n<p class=\"x_MsoNormal\">Svet star\u0161ev opravlja naloge, dolo\u010dene s predpisi s podro\u010dja vzgoje in izobra\u017eevanja, ustanovitvenim aktom zavoda in drugimi akti zavoda, predvsem pa:<\/p>\n<ul type=\"square\">\n<li class=\"x_MsoNormal\">predlaga nadstandardne programe,<\/li>\n<li class=\"x_MsoNormal\">daje soglasje k predlogu ravnatelja o nadstandardnih storitvah,<\/li>\n<li class=\"x_MsoNormal\">sodeluje pri nastajanju predloga programa razvoja \u0161ole, vzgojnega na\u010drta, pri pravilih \u0161olskega in domskega reda ter da mnenje o letnem delovnem na\u010drtu,<\/li>\n<li class=\"x_MsoNormal\">razpravlja o poro\u010dilih ravnatelja o vzgojno-izobra\u017eevalni problematiki,<\/li>\n<li class=\"x_MsoNormal\">obravnava prito\u017ebe star\u0161ev v zvezi z vzgojno-izobra\u017eevalnim delom,<\/li>\n<li class=\"x_MsoNormal\">\u00a0daje mnenje o kandidatih, ki izpolnjujejo pogoje za ravnatelja,<\/li>\n<li class=\"x_MsoNormal\">voli predstavnike star\u0161ev v svet \u0161ole,<\/li>\n<li class=\"x_MsoNormal\">lahko sprejme svoj program dela sodelovanja z zavodom, zlasti glede vklju\u010devanja v lokalno okolje,<\/li>\n<li class=\"x_MsoNormal\">v dogovoru z vodstvom zavoda lahko ustanavlja oziroma oblikuje delovne skupine,<\/li>\n<\/ul>\n<ul type=\"square\">\n<li class=\"x_MsoNormal\">svetu zavoda predlaga zadeve v obravnavo,<\/li>\n<li class=\"x_MsoNormal\">imenuje upravni odbor \u0161olskega sklada,<\/li>\n<li class=\"x_MsoNormal\">oblikuje stali\u0161\u010da do ponudbe dodatnih in obogatitvenih programov, ki se bodo izvajali v naslednjem \u0161olskem letu,<\/li>\n<li class=\"x_MsoNormal\">obravnava in sprejema usmeritve za izvajanje letnega delovnega na\u010drta \u0161ole in dija\u0161kega doma za teko\u010de \u0161olsko leto in spremlja njegovo realizacijo,<\/li>\n<li class=\"x_MsoNormal\">obravnava in sprejema poro\u010dilo o uresni\u010devanju LDN za preteklo \u0161olsko leto,<\/li>\n<li class=\"x_MsoNormal\">zavzema stali\u0161\u010da do posameznih pojavov na \u0161oli ter dija\u0161kem domu in predlaga mo\u017ene re\u0161itve,<\/li>\n<li class=\"x_MsoNormal\">postavlja vpra\u0161anja v zvezi z zadevami, ki so v pristojnosti sveta star\u0161ev,<\/li>\n<li class=\"x_MsoNormal\">poda svoje mnenje na vsa vpra\u0161anja, predloge in pobude, ki so nanj naslovljeni,<\/li>\n<li class=\"x_MsoNormal\">voli in razre\u0161uje predsednika sveta star\u0161ev in njegovega namestnika,<\/li>\n<li class=\"x_MsoNormal\">imenuje \u010dlane delovnih skupin,<\/li>\n<li class=\"x_MsoNormal\">zagotavlja in oblikuje povezovanje star\u0161ev v oddelkih in vzgojnih skupinah s svetom star\u0161em in svetom zavoda,<\/li>\n<li class=\"x_MsoNormal\">sprejema poslovnik delovanja sveta star\u0161ev in njegove spremembe,<\/li>\n<li class=\"x_MsoNormal\">poda pisno soglasje ravnatelju za u\u010dbeni\u0161ki sklad do 10. 6. teko\u010dega \u0161olskega leta.<\/li>\n<\/ul>\n<p class=\"x_MsoNormal\">V svetu star\u0161ev je po en predstavnik star\u0161ev iz vsakega oddelka \u0161ole in iz vsake vzgone skupine dija\u0161kega doma.<\/p>\n<p class=\"x_MsoNormal\">V \u0161olskem letu 2024\/25 je predsednica Sveta star\u0161ev <strong>ga. Klavdija Trauner<\/strong>.<\/p>\n<p>&nbsp;<\/p>\n<p class=\"x_MsoNormal\"><a style=\"text-align: center;\" href=\"https:\/\/prometna.net\/srednja-sola\/wp-content\/uploads\/sites\/3\/2024\/10\/POSLOVNIK-sveta-starsev-2024.pdf\" target=\"_blank\" rel=\"noopener\"><img decoding=\"async\" loading=\"lazy\" class=\"alignnone size-full wp-image-592\" src=\"https:\/\/prometna.net\/srednja-sola\/wp-content\/uploads\/sites\/3\/2018\/01\/icons8-pdf-64.png\" alt=\"\" width=\"64\" height=\"64\" \/>POSLOVNIK sveta star\u0161ev 2024<\/a><\/p>\n","protected":false},"excerpt":{"rendered":"<p>&nbsp; Svet star\u0161ev opravlja naloge, dolo\u010dene s predpisi s podro\u010dja vzgoje in izobra\u017eevanja, ustanovitvenim aktom zavoda in drugimi akti zavoda, [&hellip;]<\/p>\n","protected":false},"author":6,"featured_media":0,"parent":410,"menu_order":0,"comment_status":"closed","ping_status":"closed","template":"","meta":[],"aioseo_notices":[],"_links":{"self":[{"href":"https:\/\/prometna.net\/srednja-sola\/wp-json\/wp\/v2\/pages\/477"}],"collection":[{"href":"https:\/\/prometna.net\/srednja-sola\/wp-json\/wp\/v2\/pages"}],"about":[{"href":"https:\/\/prometna.net\/srednja-sola\/wp-json\/wp\/v2\/types\/page"}],"author":[{"embeddable":true,"href":"https:\/\/prometna.net\/srednja-sola\/wp-json\/wp\/v2\/users\/6"}],"replies":[{"embeddable":true,"href":"https:\/\/prometna.net\/srednja-sola\/wp-json\/wp\/v2\/comments?post=477"}],"version-history":[{"count":22,"href":"https:\/\/prometna.net\/srednja-sola\/wp-json\/wp\/v2\/pages\/477\/revisions"}],"predecessor-version":[{"id":6641,"href":"https:\/\/prometna.net\/srednja-sola\/wp-json\/wp\/v2\/pages\/477\/revisions\/6641"}],"up":[{"embeddable":true,"href":"https:\/\/prometna.net\/srednja-sola\/wp-json\/wp\/v2\/pages\/410"}],"wp:attachment":[{"href":"https:\/\/prometna.net\/srednja-sola\/wp-json\/wp\/v2\/media?parent=477"}],"curies":[{"name":"wp","href":"https:\/\/api.w.org\/{rel}","templated":true}]}}