{"id":500,"date":"2018-01-12T20:49:53","date_gmt":"2018-01-12T19:49:53","guid":{"rendered":"http:\/\/prometna.net\/srednja-sola\/?page_id=500"},"modified":"2026-03-10T16:31:36","modified_gmt":"2026-03-10T15:31:36","slug":"vpis-odrasli","status":"publish","type":"page","link":"https:\/\/prometna.net\/srednja-sola\/odrasli\/vpis-odrasli\/","title":{"rendered":"Vpis odrasli"},"content":{"rendered":"<p style=\"text-align: center;\"><span style=\"font-size: 18pt;\"><strong>VPIS V IZREDNO IZOBRA\u017dEVANJE IN SAMOIZOBRA\u017dEVANJE ZA \u0160OLSKO LETO 2026\/27<\/strong><\/span><\/p>\n<table style=\"border-collapse: collapse; width: 99.3848%; height: 174px;\">\n<tbody>\n<tr>\n<td style=\"width: 100%;\">\n<p style=\"text-align: center;\"><strong>INFORMATIVNI DAN:<\/strong><\/p>\n<p style=\"text-align: center;\"><strong>13. 5. 2026 ob 16. uri<\/strong><\/p>\n<p style=\"text-align: center;\"><strong>INFORMATIVNI DAN IN VPIS:<\/strong><\/p>\n<p style=\"text-align: center;\"><strong>25. 8. 2026 ob 13. <\/strong><strong>uri na Srednji prometni \u0161oli Maribor<\/strong><\/p>\n<\/td>\n<\/tr>\n<tr>\n<td style=\"width: 100%;\"><strong>Nadomestni informativni dan in vpis: <\/strong>8. 9. 2026 ob 16.00<\/td>\n<\/tr>\n<tr>\n<td style=\"width: 100%;\"><strong>Vpisnina: 335 \u20ac; <\/strong><strong>cena posameznega izpita je 212 \u20ac (cena vklju\u010duje 5 ur konzultacij, gradiva, &#8230;)<\/strong><\/td>\n<\/tr>\n<tr>\n<td style=\"width: 100%;\"><\/td>\n<\/tr>\n<\/tbody>\n<\/table>\n<p>&nbsp;<\/p>\n<p>Razpis za vpis v programe izrednega izobra\u017eevanja<\/p>\n<p>Srednja Prometna \u0161ola Maribor, na podlagi 44. \u010dlena Zakona o izobra\u017eevanju odraslih (UL. RS, \u0161t.110\/06 _UPB) ter v skladu s Pravilnikom o razpisu za vpis in izvedbi vpisa v izobra\u017eevanju odraslih (UL. RS, \u0161t. 82\/98) objavlja razpis za vpis odraslih v javno veljavne izobra\u017eevalne programe\u00a0 za odrasle:<\/p>\n<p>&nbsp;<\/p>\n<ol>\n<li><strong>PROGRAME SREDNJEGA STROKOVNEGA IZOBRA\u017dEVANJA (SSI): TEHNIK VAROVANJA IN LOGISTI\u010cNI TEHNIK (pogoj za vpis je kon\u010dana osnovna \u0161ola)<\/strong><\/li>\n<li><strong>PROGRAM POKLICNO TEHNI\u0160KEGA IZOBRA\u017dEVANJA (PTI) : TEHNIK VAROVANJA IN LOGISTI\u010cNI TEHNIK (pogoj za vpis je kon\u010dana poklicna srednja \u0161ola)<\/strong><\/li>\n<\/ol>\n<p><strong>Predvideno \u0161tevilo vpisnih mest v izobra\u017eevalne programe v \u0161olskem letu 2026\/27<\/strong><\/p>\n<ol>\n<li><strong> Logisti\u010dni tehnik \u2013 SSI (10 mest)<\/strong><\/li>\n<\/ol>\n<p>Logisti\u010dni tehnik SSI program:\u00a0<a href=\"http:\/\/eportal.mss.edus.si\/msswww\/programi2021\/programi\/Ssi\/logisticni_tehnik-SI-2021\/spl-del.htm\">http:\/\/eportal.mss.edus.si\/msswww\/programi2021\/programi\/Ssi\/logisticni_tehnik-SI-2021\/spl-del.htm<\/a><\/p>\n<ol start=\"2\">\n<li><strong> Logisti\u010dni tehnik \u2013 PTI (10 mest)<\/strong><\/li>\n<\/ol>\n<p>Logisti\u010dni tehnik PTI program:\u00a0<a href=\"http:\/\/eportal.mss.edus.si\/msswww\/programi2022\/programi\/Pti\/logisticni_tehnik\/spl-del.htm\">http:\/\/eportal.mss.edus.si\/msswww\/programi2022\/programi\/Pti\/logisticni_tehnik\/spl-del.htm<\/a><\/p>\n<ol start=\"3\">\n<li><strong> Tehnik varovanja \u2013\u00a0 SSI (10 mest)<\/strong><\/li>\n<\/ol>\n<p>Tehnik varovanja SSI program:\u00a0<a href=\"http:\/\/eportal.mss.edus.si\/msswww\/programi2022\/programi\/Ssi\/tehnik_varovanja-2020\/kazalo.htm\">http:\/\/eportal.mss.edus.si\/msswww\/programi2022\/programi\/Ssi\/tehnik_varovanja-2020\/kazalo.htm<\/a><\/p>\n<ol start=\"4\">\n<li><strong> Tehnik varovanja \u2013 PTI (10 mest)<\/strong><\/li>\n<\/ol>\n<p>Tehnik varovanja PTI program:\u00a0<a href=\"http:\/\/eportal.mss.edus.si\/msswww\/programi2022\/programi\/Pti\/tehnik_varovanja\/spl-del.htm\">http:\/\/eportal.mss.edus.si\/msswww\/programi2022\/programi\/Pti\/tehnik_varovanja\/spl-del.htm<\/a><\/p>\n<p>&nbsp;<\/p>\n<p><strong>Pogoji za vpis<\/strong><\/p>\n<p>Vpisni pogoji so objavljeni v predmetnikih na spletni strani \u0161ole. Prijave k vpisu (INFORMATIVNE PRIJAVE) \u00a0bomo zbirali <strong>do 8. 9. 2026, do zapolnitve mest<\/strong>.<\/p>\n<p><strong>Merila in postopek za izbiro kandidatov<\/strong><\/p>\n<p>\u010ce se bo v razpisanem roku prijavilo ve\u010d kandidatov, kot je na voljo prostih mest, bo vpis omejen. Prednost bodo imeli tisti kandidati, ki bodo prej oddali popolno vlogo za vpis.<\/p>\n<p>&nbsp;<\/p>\n<p><strong>Vpis<\/strong><\/p>\n<p>Vpis poteka dne <strong>25. avgusta<\/strong> 2026 ob <strong>13. uri.<\/strong><\/p>\n<p>Vpis bo potekal predvidoma do 8. 9. 2026.<\/p>\n<p>Za vpis potrebujejo kandidati:<\/p>\n<ul>\n<li>osebni dokument,<\/li>\n<li>dav\u010dno \u0161tevilko,<\/li>\n<li><strong>vsa<\/strong> spri\u010devala oz. dokazila o dosedanjem izobra\u017eevanju,<\/li>\n<li>v primeru spremembe priimka tudi poro\u010dni list oz. drugo dokazilo.<\/li>\n<\/ul>\n<p>Ob vpisu s kandidatom opravimo uvodni pogovor, na katerem ga seznanimo z obveznostmi, ki jih mora kot udele\u017eenec izobra\u017eevanja opraviti do konca izobra\u017eevanja, s hi\u0161nim redom in pravili izobra\u017eevanja odraslih. Ob vpisu kandidati dobijo ra\u010dun za vpisnino, ki jo morajo poravnati najkasneje v 8 dneh. Potrdilo o vpisu kandidati dobijo, ko vpla\u010dajo vpisnino.<\/p>\n<p><strong>Vpis<\/strong>\u00a0za izobra\u017eevanje odraslih <strong>za zamudnike<\/strong> bo potekal v\u00a0<strong>torek, 8. 9. 2026 ob 16 uri<\/strong> v prvem nadstropju Srednje prometne \u0161ole Maribor.<\/p>\n<p>Po teh datumih vpis ni ve\u010d mogo\u010d. Za kakr\u0161nekoli\u00a0 informacije smo na voljo<strong>\u00a0izklju\u010dno\u00a0<\/strong>na elektronskem naslovu:\u00a0 \u00a0<a href=\"mailto:romana.orthaber@prometna.net\"><strong>patricija.majcen@prometna.net<\/strong><\/a><\/p>\n<p><strong>Pogoji za uspe\u0161no dokon\u010danje izobra\u017eevanja<\/strong><\/p>\n<p>Za dokon\u010danje izobra\u017eevanja mora udele\u017eenec izrednega izobra\u017eevanja uspe\u0161no opraviti vse obveznosti in izpite po programu ter poklicno maturo.<\/p>\n<p>&nbsp;<\/p>\n<p><strong>Na\u010din izvedbe in trajanje izobra\u017eevanja<\/strong><\/p>\n<p>V vseh programih poteka izobra\u017eevanje v kombinirani obliki predavanj in izpitov, pa tudi samoizobra\u017eevanja, konzultacij in izpitov. Programi srednjega strokovnega izobra\u017eevanja trajajo 4 leta, programi poklicno tehni\u0161kega izobra\u017eevanja trajajo 2 leti. Trajanje \u0161olanja za posameznika je odvisno od priznanih \u017ee opravljenih obveznosti.\u00a0 Izpitni roki so enkrat na mesec, oz. v dodatnih izpitnih rokih po LDN-u \u0161ole. Prakti\u010dno usposabljanje pri delodajalcu si udele\u017eenci\u00a0 organizirajo sami, lahko pa ga organizira \u0161ola, \u010de si udele\u017eenec nikakor ni mogel najti delodajalca.<\/p>\n<p>&nbsp;<\/p>\n<p><strong>Stro\u0161ki izobra\u017eevanja<\/strong><\/p>\n<p>Stro\u0161ki izobra\u017eevanja so za teko\u010de \u0161olsko leto dolo\u010deni s cenikom storitev v izobra\u017eevanju odraslih, ki ga sprejme Svet Prometne \u0161ole Maribor. Vpisnina zna\u0161a 335,00 EUR , poklicna matura se pla\u010da posebej.<\/p>\n<p>&nbsp;<\/p>\n<p><strong>Informativni dnevi \u0161olsko leto 2026\/27<\/strong><\/p>\n<p><strong>\u2013 25. 8. 2026 ob 13. <\/strong><strong>uri na Srednji prometni \u0161oli Maribor<\/strong><\/p>\n<p><strong>\u2013 po dogovoru na Srednji prometni \u0161oli Maribor<\/strong><\/p>\n<p>Programi na\u0161e \u0161ole so raznoliki, dinami\u010dni in predvsem \u0161e vedno zaposljivi. Preverite sami na spodnjih aktualnih povezavah.<\/p>\n<p>Odrasle izobra\u017eujemo po programih:<\/p>\n<p>Srednjega strokovnega izobra\u017eevanja \u2013 logisti\u010dni tehnik<\/p>\n<p>Srednjega strokovnega izobra\u017eevanja \u2013 tehnik varovanja<\/p>\n<p>Poklicno tehni\u0161kega izobra\u017eevanja \u2013 logisti\u010dni tehnik<\/p>\n<p>Poklicno tehni\u0161kega izobra\u017eevanja \u2013 tehnik varovanja<\/p>\n<p>&nbsp;<\/p>\n<p>Predavanja so prilagojena odraslim udele\u017eencem. Trudimo se biti \u0161ola prijaznih ljudi in vedno prisluhnemo \u017eeljam in potrebam na\u0161ih udele\u017eencev.<\/p>\n<p>&nbsp;<\/p>\n<p>&nbsp;<\/p>\n<p><strong>Kontakt za informacije v zvezi z izobra\u017eevanjem odraslih:<\/strong><\/p>\n<p>Patricija Majcen<\/p>\n<p>E-mail:\u00a0<a href=\"mailto:romana.orthaber@prometna.net\">patricija.majcen@prometna.net<\/a><\/p>\n<p>Tel: 02 429 41 24<\/p>\n","protected":false},"excerpt":{"rendered":"<p>VPIS V IZREDNO IZOBRA\u017dEVANJE IN SAMOIZOBRA\u017dEVANJE ZA \u0160OLSKO LETO 2026\/27 INFORMATIVNI DAN: 13. 5. 2026 ob 16. uri INFORMATIVNI DAN [&hellip;]<\/p>\n","protected":false},"author":6,"featured_media":0,"parent":414,"menu_order":0,"comment_status":"closed","ping_status":"closed","template":"","meta":[],"aioseo_notices":[],"_links":{"self":[{"href":"https:\/\/prometna.net\/srednja-sola\/wp-json\/wp\/v2\/pages\/500"}],"collection":[{"href":"https:\/\/prometna.net\/srednja-sola\/wp-json\/wp\/v2\/pages"}],"about":[{"href":"https:\/\/prometna.net\/srednja-sola\/wp-json\/wp\/v2\/types\/page"}],"author":[{"embeddable":true,"href":"https:\/\/prometna.net\/srednja-sola\/wp-json\/wp\/v2\/users\/6"}],"replies":[{"embeddable":true,"href":"https:\/\/prometna.net\/srednja-sola\/wp-json\/wp\/v2\/comments?post=500"}],"version-history":[{"count":39,"href":"https:\/\/prometna.net\/srednja-sola\/wp-json\/wp\/v2\/pages\/500\/revisions"}],"predecessor-version":[{"id":7970,"href":"https:\/\/prometna.net\/srednja-sola\/wp-json\/wp\/v2\/pages\/500\/revisions\/7970"}],"up":[{"embeddable":true,"href":"https:\/\/prometna.net\/srednja-sola\/wp-json\/wp\/v2\/pages\/414"}],"wp:attachment":[{"href":"https:\/\/prometna.net\/srednja-sola\/wp-json\/wp\/v2\/media?parent=500"}],"curies":[{"name":"wp","href":"https:\/\/api.w.org\/{rel}","templated":true}]}}