{"id":6822,"date":"2024-11-28T10:31:36","date_gmt":"2024-11-28T09:31:36","guid":{"rendered":"https:\/\/prometna.net\/srednja-sola\/?page_id=6822"},"modified":"2024-11-28T10:34:47","modified_gmt":"2024-11-28T09:34:47","slug":"zdrava-sola","status":"publish","type":"page","link":"https:\/\/prometna.net\/srednja-sola\/zdrava-sola\/","title":{"rendered":"Zdrava \u0161ola"},"content":{"rendered":"<p><img decoding=\"async\" loading=\"lazy\" class=\"alignnone size-full wp-image-6823\" src=\"https:\/\/prometna.net\/srednja-sola\/wp-content\/uploads\/sites\/3\/2024\/11\/zdrava-sola.png\" alt=\"\" width=\"183\" height=\"189\" \/><\/p>\n<p>Prometna \u0161ola \u00a0je \u00a0Zdrava \u0161ola in je del Slovenske mre\u017ee zdravih \u0161ol<\/p>\n<p>Slovenska mre\u017ea zdravih \u0161ol se odziva na probleme v zvezi z zdravjem otrok in mladostnikov ter izvaja preizku\u0161ene programe za promocijo zdravja na telesnem, du\u0161evnem, socialnem in okoljskem podro\u010dju zdravja za u\u010dence, u\u010ditelje in star\u0161e.<\/p>\n<p>Na \u0161oli bomo \u0161e ve\u010d pozornosti posve\u010dali sistemati\u010dnemu delovanju na podro\u010dju zdravja \u2013 tako telesnemu, du\u0161evnemu, socialnemu in okoljskemu.<\/p>\n<p>Z razli\u010dnimi projekti in dejavnostmi, ki so usmerjene v zdrav \u017eivljenjski slog, s spodbujanjem sodelovanja star\u0161ev, lokalne skupnosti, zdravstvene slu\u017ebe ter drugih zainteresiranih institucij in posameznikov.<\/p>\n<p>V \u00a0\u0161olskem letu 2024\/25 in 2025\/26 je \u00bbrde\u010da nit\u00ab prepre\u010devanje medvrstni\u0161kega nasilja z geslom <strong>Za varno in vklju\u010dujo\u010de \u0161olsko okolje!<\/strong><\/p>\n<p>Ob vklju\u010ditvi v projekt Zdrave \u0161ole smo se zavezali naslednjim 12 ciljem Zdrave \u0161ole:<\/p>\n<ul>\n<li>aktivno bomo podpirali pozitivno samopodobo vseh u\u010dencev s tem, da bomo pokazali, da lahko prav vsak prispeva k \u017eivljenju v \u0161oli;<\/li>\n<li>skrbeli bomo za vsestranski razvoj dobrih medsebojnih odnosov med u\u010ditelji in u\u010denci;<\/li>\n<li>potrudili se bomo, da bodo socialni cilji \u0161ole postali jasni u\u010diteljem, u\u010dencem in star\u0161em;<\/li>\n<li>vse u\u010dence bomo spodbujali k razli\u010dnim dejavnostim tako, da bomo oblikovali raznovrstne pobude;<\/li>\n<li>izkoristili bomo vsako mo\u017enost za izbolj\u0161anje \u0161olskega okolja;<\/li>\n<li>skrbeli bomo za razvoj dobrih povezav med \u0161olo, domom in skupnostjo;<\/li>\n<li>aktivno bomo podprli zdravje in blaginjo svojih u\u010dencev in u\u010diteljev;<\/li>\n<li>upo\u0161tevali bomo dejstvo, da so u\u010ditelji in \u0161olsko osebje zgled za zdravo obna\u0161anje;<\/li>\n<li>upo\u0161tevali bomo komplementarno vlogo, ki jo ima \u0161olska prehrana pri u\u010dnem na\u010drtu vzgoje za zdravje;<\/li>\n<li>sodelovali bomo s specializiranimi slu\u017ebami v skupnosti, ki nam lahko svetujejo in pomagajo pri vzgoji za zdravje;<\/li>\n<li>vzpostavili bomo poglobljen odnos s \u0161olsko zdravstveno in zobozdravstveno slu\u017ebo, da nas bo dejavno podprla pri u\u010dnem na\u010drtu vzgoje za zdravje.<\/li>\n<\/ul>\n<p>&nbsp;<\/p>\n<p>POMEMBNE IN KORISTNE SPLETNE POVEZAVE:<\/p>\n<p><a href=\"http:\/\/www.tosemjaz.net\/\">www.tosemjaz.net<\/a>.<\/p>\n<p>V spletni svetovalnici \u00bbTo sem jaz\u00ab smo <strong>vedno tukaj zate<\/strong>. Ozri se po izku\u0161njah vrstnikov in razi\u0161\u010di vsebine. Zaupaj nam svoje vpra\u0161anje<\/p>\n<p><a href=\"https:\/\/www.nijz.si\/sl\/slovenska-mreza-zdravih-sol\">https:\/\/www.nijz.si\/sl\/slovenska-mreza-zdravih-sol<\/a><\/p>\n<p><a href=\"https:\/\/www.schoolsforhealth.org\/\">https:\/\/www.schoolsforhealth.org\/<\/a><\/p>\n<p><a href=\"https:\/\/www.zd-mb.si\/Storitve\/Enote\/Splo%C5%A1no-zdravstveno-varstvo\/Slu%C5%BEba-psihohigiensko-psihiatri%C4%8Dne-dejavnosti\/Center-za-prepre%C4%8Devanje-in-zdravljenje-odvisnih-od-prepovedanih-drog\">https:\/\/www.zd-mb.si\/Storitve\/Enote\/Splo%C5%A1no-zdravstveno-varstvo\/Slu%C5%BEba-psihohigiensko-psihiatri%C4%8Dne-dejavnosti\/Center-za-prepre%C4%8Devanje-in-zdravljenje-odvisnih-od-prepovedanih-drog<\/a><\/p>\n<p><a href=\"https:\/\/www.logout.si\/sl\/\">https:\/\/www.logout.si\/sl\/<\/a><\/p>\n<p><a href=\"https:\/\/zdravapot.si\/\">https:\/\/zdravapot.si\/<\/a><\/p>\n<p><a href=\"https:\/\/www.aktivni.si\/\">https:\/\/www.aktivni.si\/<\/a><\/p>\n<p>&nbsp;<\/p>\n<p>&nbsp;<\/p>\n<p>&nbsp;<\/p>\n","protected":false},"excerpt":{"rendered":"<p>Prometna \u0161ola \u00a0je \u00a0Zdrava \u0161ola in je del Slovenske mre\u017ee zdravih \u0161ol Slovenska mre\u017ea zdravih \u0161ol se odziva na probleme [&hellip;]<\/p>\n","protected":false},"author":691,"featured_media":6823,"parent":0,"menu_order":0,"comment_status":"closed","ping_status":"closed","template":"","meta":[],"aioseo_notices":[],"_links":{"self":[{"href":"https:\/\/prometna.net\/srednja-sola\/wp-json\/wp\/v2\/pages\/6822"}],"collection":[{"href":"https:\/\/prometna.net\/srednja-sola\/wp-json\/wp\/v2\/pages"}],"about":[{"href":"https:\/\/prometna.net\/srednja-sola\/wp-json\/wp\/v2\/types\/page"}],"author":[{"embeddable":true,"href":"https:\/\/prometna.net\/srednja-sola\/wp-json\/wp\/v2\/users\/691"}],"replies":[{"embeddable":true,"href":"https:\/\/prometna.net\/srednja-sola\/wp-json\/wp\/v2\/comments?post=6822"}],"version-history":[{"count":2,"href":"https:\/\/prometna.net\/srednja-sola\/wp-json\/wp\/v2\/pages\/6822\/revisions"}],"predecessor-version":[{"id":6826,"href":"https:\/\/prometna.net\/srednja-sola\/wp-json\/wp\/v2\/pages\/6822\/revisions\/6826"}],"wp:featuredmedia":[{"embeddable":true,"href":"https:\/\/prometna.net\/srednja-sola\/wp-json\/wp\/v2\/media\/6823"}],"wp:attachment":[{"href":"https:\/\/prometna.net\/srednja-sola\/wp-json\/wp\/v2\/media?parent=6822"}],"curies":[{"name":"wp","href":"https:\/\/api.w.org\/{rel}","templated":true}]}}