{"id":7125,"date":"2025-04-17T09:37:39","date_gmt":"2025-04-17T07:37:39","guid":{"rendered":"https:\/\/prometna.net\/srednja-sola\/?page_id=7125"},"modified":"2026-03-31T13:07:42","modified_gmt":"2026-03-31T11:07:42","slug":"ekosola","status":"publish","type":"page","link":"https:\/\/prometna.net\/srednja-sola\/dejavnosti\/ekosola\/","title":{"rendered":"EKO\u0160OLA"},"content":{"rendered":"<p><img decoding=\"async\" loading=\"lazy\" class=\"wp-image-7126 aligncenter\" src=\"https:\/\/prometna.net\/srednja-sola\/wp-content\/uploads\/sites\/3\/2025\/04\/ekosola.jpg\" alt=\"\" width=\"500\" height=\"500\" srcset=\"https:\/\/prometna.net\/srednja-sola\/wp-content\/uploads\/sites\/3\/2025\/04\/ekosola.jpg 500w, https:\/\/prometna.net\/srednja-sola\/wp-content\/uploads\/sites\/3\/2025\/04\/ekosola-300x300.jpg 300w\" sizes=\"(max-width: 500px) 100vw, 500px\" \/><\/p>\n<p style=\"text-align: left;\">Program Eko\u0161ola je mednarodno uveljavljen program celostne okoljske vzgoje in izobra\u017eevanja, namenjen spodbujanju in ve\u010danju ozave\u0161\u010denosti o trajnostnem razvoju med otroki, u\u010denci in dijaki skozi njihov vzgojni in izobra\u017eevalni program ter skozi aktivno udejstvovanje v lokalni skupnosti in \u0161ir\u0161e. Vsako leto najuspe\u0161nej\u0161im \u0161olam podeljujemo mednarodna priznanja \u2013 zelene zastave. To je tudi edino javno in mednarodno priznanje slovenskim \u0161olam za okoljevarstveno delovanje, skladno z mednarodnimi kriteriji FEE (Foundation for Environmental Education).<\/p>\n<p style=\"text-align: left;\">Osnovno na\u010delo delovanja programa Eko\u0161ola je, da bodo otroci, u\u010denci in dijaki kmalu v prihodnosti\u00a0 vplivali in sprejemali pomembne odlo\u010ditve na vseh ravneh na\u0161ega \u017eivljenja.<\/p>\n<p style=\"text-align: left;\">Tudi na Srednji prometni \u0161oli Maribor se zavedamo pomena celostne okoljske vzgoje in izobra\u017eevanja, ter ozave\u0161\u010danja o trajnostnem razvoju. Zato smo del projekta Eko\u0161ole tudi mi.<\/p>\n<p style=\"text-align: left;\">V o\u017ejem krogu smo podpisali Ekolistino, s katero se zavezujemo:<\/p>\n<ul style=\"text-align: left;\">\n<li>da bomo prijazni do soljudi in narave;<\/li>\n<li>da bomo skrbeli za lastno zdravje in gibanje;<\/li>\n<li>da bomo skrbeli za urejenost \u0161ole in njene okolice;<\/li>\n<li>da bomo uga\u0161ali lu\u010di in var\u010devali z vodo ter s papirjem;<\/li>\n<li>da bomo spo\u0161tovali in odgovorno ravnali s hrano ter se ob njenem zau\u017eitju kulturno obna\u0161ali;<\/li>\n<li>da bomo k ekolo\u0161kemu ravnanju spodbujali star\u0161e in krajane;<\/li>\n<li>da bomo skrbeli za lep\u0161o prihodnost planeta.<\/li>\n<\/ul>\n<p style=\"text-align: left;\">Ve\u010d o programu si lahko pogledate na spodnji povezavi:<\/p>\n<p style=\"text-align: left;\">\u00a0<a href=\"https:\/\/ekosola.si\/\">https:\/\/ekosola.si\/<\/a><\/p>\n<p>&nbsp;<\/p>\n<p>&nbsp;<\/p>\n<p style=\"text-align: right;\">Koordinatorka:<\/p>\n<p style=\"text-align: right;\">\u00a0 \u00a0 \u00a0 \u00a0 \u00a0mag. Maja Cafuta An\u017eur<\/p>\n<p>&nbsp;<\/p>\n<p>DOGODKI:<\/p>\n<p>&nbsp;<\/p>\n<h2 class=\"text-center\">Konferenca koordinatorjev programa Eko\u0161ola 2025\/2026<\/h2>\n<p class=\"text-center\"><img decoding=\"async\" loading=\"lazy\" class=\"size-full wp-image-2399 alignleft\" src=\"https:\/\/prometna.net\/srednja-sola\/wp-content\/uploads\/sites\/3\/2019\/03\/icons8-internet-40.png\" alt=\"\" width=\"40\" height=\"40\" \/> <a href=\"https:\/\/prometna.net\/srednja-sola\/aktualni-dogodki\/konferenca-koordinatorjev-programa-ekosola-2025-2026-za\/\" target=\"_blank\" rel=\"noopener\">povezava<\/a><\/p>\n","protected":false},"excerpt":{"rendered":"<p>Program Eko\u0161ola je mednarodno uveljavljen program celostne okoljske vzgoje in izobra\u017eevanja, namenjen spodbujanju in ve\u010danju ozave\u0161\u010denosti o trajnostnem razvoju med [&hellip;]<\/p>\n","protected":false},"author":11,"featured_media":0,"parent":416,"menu_order":0,"comment_status":"closed","ping_status":"closed","template":"","meta":[],"aioseo_notices":[],"_links":{"self":[{"href":"https:\/\/prometna.net\/srednja-sola\/wp-json\/wp\/v2\/pages\/7125"}],"collection":[{"href":"https:\/\/prometna.net\/srednja-sola\/wp-json\/wp\/v2\/pages"}],"about":[{"href":"https:\/\/prometna.net\/srednja-sola\/wp-json\/wp\/v2\/types\/page"}],"author":[{"embeddable":true,"href":"https:\/\/prometna.net\/srednja-sola\/wp-json\/wp\/v2\/users\/11"}],"replies":[{"embeddable":true,"href":"https:\/\/prometna.net\/srednja-sola\/wp-json\/wp\/v2\/comments?post=7125"}],"version-history":[{"count":5,"href":"https:\/\/prometna.net\/srednja-sola\/wp-json\/wp\/v2\/pages\/7125\/revisions"}],"predecessor-version":[{"id":8041,"href":"https:\/\/prometna.net\/srednja-sola\/wp-json\/wp\/v2\/pages\/7125\/revisions\/8041"}],"up":[{"embeddable":true,"href":"https:\/\/prometna.net\/srednja-sola\/wp-json\/wp\/v2\/pages\/416"}],"wp:attachment":[{"href":"https:\/\/prometna.net\/srednja-sola\/wp-json\/wp\/v2\/media?parent=7125"}],"curies":[{"name":"wp","href":"https:\/\/api.w.org\/{rel}","templated":true}]}}