{"id":7116,"date":"2021-05-19T22:45:43","date_gmt":"2021-05-19T20:45:43","guid":{"rendered":"https:\/\/prometna.net\/visja-sola\/?page_id=7116"},"modified":"2021-05-25T08:43:20","modified_gmt":"2021-05-25T06:43:20","slug":"isces-sluzbo","status":"publish","type":"page","link":"https:\/\/prometna.net\/visja-sola\/isces-sluzbo\/","title":{"rendered":"I\u0161\u010de\u0161 slu\u017ebo?"},"content":{"rendered":"","protected":false},"excerpt":{"rendered":"","protected":false},"author":11,"featured_media":0,"parent":0,"menu_order":0,"comment_status":"closed","ping_status":"closed","template":"","meta":[],"aioseo_notices":[],"_links":{"self":[{"href":"https:\/\/prometna.net\/visja-sola\/wp-json\/wp\/v2\/pages\/7116"}],"collection":[{"href":"https:\/\/prometna.net\/visja-sola\/wp-json\/wp\/v2\/pages"}],"about":[{"href":"https:\/\/prometna.net\/visja-sola\/wp-json\/wp\/v2\/types\/page"}],"author":[{"embeddable":true,"href":"https:\/\/prometna.net\/visja-sola\/wp-json\/wp\/v2\/users\/11"}],"replies":[{"embeddable":true,"href":"https:\/\/prometna.net\/visja-sola\/wp-json\/wp\/v2\/comments?post=7116"}],"version-history":[{"count":6,"href":"https:\/\/prometna.net\/visja-sola\/wp-json\/wp\/v2\/pages\/7116\/revisions"}],"predecessor-version":[{"id":7413,"href":"https:\/\/prometna.net\/visja-sola\/wp-json\/wp\/v2\/pages\/7116\/revisions\/7413"}],"wp:attachment":[{"href":"https:\/\/prometna.net\/visja-sola\/wp-json\/wp\/v2\/media?parent=7116"}],"curies":[{"name":"wp","href":"https:\/\/api.w.org\/{rel}","templated":true}]}}